{"id":1025,"date":"2022-09-20T16:20:05","date_gmt":"2022-09-20T16:20:05","guid":{"rendered":"https:\/\/masajeterapeuticogirona.com\/terapia-reiki-amb-bols-tibetans\/"},"modified":"2023-09-25T17:07:37","modified_gmt":"2023-09-25T17:07:37","slug":"terapia-reiki-con-cuencos-tibetanos","status":"publish","type":"page","link":"https:\/\/masajeterapeuticogirona.com\/es\/terapia-reiki-con-cuencos-tibetanos\/","title":{"rendered":"Terapia Reiki con cuencos tibetanos"},"content":{"rendered":"[et_pb_section fb_built=\u00bb1&#8243; admin_label=\u00bbHeader\u00bb _builder_version=\u00bb4.16&#8243; background_image=\u00bbhttps:\/\/masajeterapeuticogirona.com\/wp-content\/uploads\/2022\/09\/massage-17-1.jpg\u00bb background_size=\u00bbcontain\u00bb overflow-x=\u00bbhidden\u00bb overflow-y=\u00bbhidden\u00bb custom_padding=\u00bb170px||0px|||\u00bb locked=\u00bboff\u00bb global_colors_info=\u00bb{}\u00bb][et_pb_row column_structure=\u00bb3_5,2_5&#8243; _builder_version=\u00bb4.16&#8243; custom_padding=\u00bb||0px||false|false\u00bb global_colors_info=\u00bb{}\u00bb][et_pb_column type=\u00bb3_5&#8243; _builder_version=\u00bb4.16&#8243; custom_padding=\u00bb||30px||false|false\u00bb global_colors_info=\u00bb{}\u00bb][et_pb_text _builder_version=\u00bb4.18.0&#8243; header_font=\u00bbAbel||||||||\u00bb header_font_size=\u00bb110px\u00bb header_letter_spacing=\u00bb12px\u00bb header_line_height=\u00bb1.1em\u00bb header_font_tablet=\u00bbMuli|600|||||||\u00bb header_font_phone=\u00bb\u00bb header_font_last_edited=\u00bbon|desktop\u00bb header_font_size_tablet=\u00bb44px\u00bb header_font_size_phone=\u00bb34px\u00bb header_font_size_last_edited=\u00bbon|phone\u00bb header_letter_spacing_tablet=\u00bb2px\u00bb header_letter_spacing_phone=\u00bb0px\u00bb header_letter_spacing_last_edited=\u00bbon|desktop\u00bb header_text_shadow_style=\u00bbpreset3&#8243; header_text_shadow_color=\u00bb#ffffff\u00bb locked=\u00bboff\u00bb global_colors_info=\u00bb{}\u00bb]\n<h1>Terapia Reiki<\/h1>\n[\/et_pb_text][et_pb_text _builder_version=\u00bb4.18.0&#8243; text_font=\u00bbAbel||||||||\u00bb text_font_size=\u00bb18px\u00bb text_line_height=\u00bb1.8em\u00bb max_width=\u00bb600px\u00bb text_font_size_tablet=\u00bb\u00bb text_font_size_phone=\u00bb14px\u00bb text_font_size_last_edited=\u00bbon|phone\u00bb text_line_height_tablet=\u00bb\u00bb text_line_height_phone=\u00bb1.6em\u00bb text_line_height_last_edited=\u00bbon|desktop\u00bb locked=\u00bboff\u00bb global_colors_info=\u00bb{}\u00bb]\n<h2>Terapia Reiki con cuencos tibetanos y de cuarzo<\/h2>\n<p><span class=\"_aacl _aaco _aacu _aacx _aad7 _aade\">La terapia Reiki forma parte de la <a href=\"https:\/\/masajeterapeuticogirona.com\/es\/terapia-vibracional-cuencos-tibetanos\/\">terapia vibracional de Carles Galceran<\/a> con beneficios demostrados para equilibrar las chacras del cuerpo y alcanzar grandes beneficios f\u00edsicos, mentales y espirituales.<br \/><\/span><\/p>\n[\/et_pb_text][\/et_pb_column][et_pb_column type=\u00bb2_5&#8243; _builder_version=\u00bb4.16&#8243; global_colors_info=\u00bb{}\u00bb][et_pb_image src=\u00bbhttps:\/\/masajeterapeuticogirona.com\/wp-content\/uploads\/2021\/04\/masaje-sonoro.png\u00bb alt=\u00bbmasaje sonoro\u00bb title_text=\u00bbEl masaje sonoro con bollos tibetanos para el bienestar\u00bb _builder_version=\u00bb4.18.0&#8243; max_width_tablet=\u00bb200px\u00bb max_width_phone=\u00bb\u00bb max_width_last_edited=\u00bbon|desktop\u00bb custom_margin=\u00bb-10vw|-10vw|||false|false\u00bb custom_margin_tablet=\u00bb0vw|||0vw|false|false\u00bb custom_margin_phone=\u00bb\u00bb custom_margin_last_edited=\u00bbon|desktop\u00bb global_colors_info=\u00bb{}\u00bb][\/et_pb_image][et_pb_image align=\u00bbright\u00bb _builder_version=\u00bb4.18.0&#8243; custom_margin=\u00bb-143px|-260px|||false|false\u00bb custom_margin_tablet=\u00bb|0px|||false|false\u00bb custom_margin_phone=\u00bb\u00bb custom_margin_last_edited=\u00bbon|desktop\u00bb locked=\u00bboff\u00bb global_colors_info=\u00bb{}\u00bb][\/et_pb_image][\/et_pb_column][\/et_pb_row][\/et_pb_section][et_pb_section fb_built=\u00bb1&#8243; admin_label=\u00bbAbout\u00bb _builder_version=\u00bb4.16&#8243; use_background_color_gradient=\u00bbon\u00bb background_color_gradient_direction=\u00bb90deg\u00bb background_color_gradient_stops=\u00bb#ffdfd6 0%|#ffd4a3 100%\u00bb background_color_gradient_start=\u00bb#ffdfd6&#8243; background_color_gradient_end=\u00bb#ffd4a3&#8243; custom_margin=\u00bb160px||230px||false|false\u00bb custom_margin_tablet=\u00bb60px||||false|false\u00bb custom_margin_phone=\u00bb\u00bb custom_margin_last_edited=\u00bbon|phone\u00bb locked=\u00bboff\u00bb global_colors_info=\u00bb{}\u00bb][et_pb_row column_structure=\u00bb2_5,3_5&#8243; use_custom_gutter=\u00bbon\u00bb gutter_width=\u00bb2&#8243; custom_padding_last_edited=\u00bboff|desktop\u00bb _builder_version=\u00bb4.16&#8243; width=\u00bb85%\u00bb max_width=\u00bb1280px\u00bb custom_margin=\u00bb-140px|auto|-226px|auto|false|false\u00bb custom_padding_tablet=\u00bb|40px||40px|false|true\u00bb custom_padding_phone=\u00bb|20px||20px|false|true\u00bb background_last_edited=\u00bboff|desktop\u00bb background_enable_image_tablet=\u00bboff\u00bb global_colors_info=\u00bb{}\u00bb][et_pb_column type=\u00bb2_5&#8243; _builder_version=\u00bb4.16&#8243; global_colors_info=\u00bb{}\u00bb][et_pb_image src=\u00bbhttps:\/\/masajeterapeuticogirona.com\/wp-content\/uploads\/2020\/07\/bols-tibetans-quars.png\u00bb alt=\u00bbBolso tibetanos y de cuares\u00bb title_text=\u00bbRecupera tu energ\u00eda y vitalidad en tiempos de incertidumbres\u00bb _builder_version=\u00bb4.18.0&#8243; transform_translate_linked=\u00bboff\u00bb max_width_tablet=\u00bb400px\u00bb max_width_phone=\u00bb\u00bb max_width_last_edited=\u00bbon|desktop\u00bb custom_margin=\u00bb40px|-200px|||false|false\u00bb box_shadow_style=\u00bbpreset1&#8243; box_shadow_vertical=\u00bb100px\u00bb box_shadow_blur=\u00bb120px\u00bb box_shadow_spread=\u00bb-40px\u00bb locked=\u00bboff\u00bb global_colors_info=\u00bb{}\u00bb][\/et_pb_image][\/et_pb_column][et_pb_column type=\u00bb3_5&#8243; _builder_version=\u00bb4.16&#8243; background_color=\u00bb#ffffff\u00bb custom_padding=\u00bb|40px|80px|40px|false|true\u00bb custom_padding_tablet=\u00bb40px|0px|40px||true|false\u00bb custom_padding_phone=\u00bb\u00bb custom_padding_last_edited=\u00bbon|tablet\u00bb box_shadow_style=\u00bbpreset1&#8243; box_shadow_vertical=\u00bb80px\u00bb box_shadow_blur=\u00bb80px\u00bb box_shadow_color=\u00bbrgba(56,21,11,0.09)\u00bb global_colors_info=\u00bb{}\u00bb][et_pb_text _builder_version=\u00bb4.18.0&#8243; header_2_font=\u00bbAbel||||||||\u00bb header_2_font_size=\u00bb70px\u00bb header_2_letter_spacing=\u00bb3px\u00bb header_2_line_height=\u00bb1.2em\u00bb max_width=\u00bb800px\u00bb header_2_font_size_tablet=\u00bb38px\u00bb header_2_font_size_phone=\u00bb26px\u00bb header_2_font_size_last_edited=\u00bbon|tablet\u00bb header_2_letter_spacing_tablet=\u00bb1px\u00bb header_2_letter_spacing_phone=\u00bb0px\u00bb header_2_letter_spacing_last_edited=\u00bbon|desktop\u00bb locked=\u00bboff\u00bb global_colors_info=\u00bb{}\u00bb]\n<h2>Terapia Reiki con cuencos tibetanos y de cuarzo<\/h2>\n[\/et_pb_text][et_pb_divider color=\u00bb#ffd4a3&#8243; divider_weight=\u00bb2px\u00bb _builder_version=\u00bb4.16&#8243; width=\u00bb100px\u00bb custom_margin=\u00bb||0px|-70px|false|false\u00bb locked=\u00bboff\u00bb global_colors_info=\u00bb{}\u00bb][\/et_pb_divider][et_pb_text _builder_version=\u00bb4.18.0&#8243; text_font=\u00bbAbel||||||||\u00bb text_font_size=\u00bb18px\u00bb text_line_height=\u00bb1.8em\u00bb max_width=\u00bb600px\u00bb text_font_size_tablet=\u00bb\u00bb text_font_size_phone=\u00bb14px\u00bb text_font_size_last_edited=\u00bbon|phone\u00bb text_line_height_tablet=\u00bb\u00bb text_line_height_phone=\u00bb1.6em\u00bb text_line_height_last_edited=\u00bbon|desktop\u00bb locked=\u00bboff\u00bb global_colors_info=\u00bb{}\u00bb]\n<p>El Reiki es una t\u00e9cnica de canalizaci\u00f3n y transmisi\u00f3n de energ\u00eda vital que ayuda a reducir el dolor f\u00edsico y emocional al desbloquear la energ\u00eda <span class=\"hiddenSpellError\" onkeypress=\"MORFOLOGIK_RULE_CA_ES---#---0---#---Possible error ortogr\u00e0fic.---#---qui#que#i#hi#si#li#ni#qu\u00e8#mi#s\u00ed#fi#quin#vi#cim#ai#ca#km#oi#cm#ei#pi#quim#coi#ui#ce#cia#kg#cl#cu#quid#cai#cit#o\u00ed#kW#EI#K2#Kii#Pi#QI#chi#cis#csi#di#kB#kJ#kV#khi#kif#kip#kit#ksi#o\u00ef#quic#quil#quit#Kia---#---ki---#---El Reiki \u00e9s una t\u00e8cnica de canalitzaci\u00f3 i transmissi\u00f3 d'energia vital que ajuda a reduir el dolor f\u00edsic i emocional en desbloquejar l'energia ki bloquejada.---#---43\">ki<\/span> bloqueada.<\/p>\n<p>A trav\u00e9s de la terapia vibracional, se trabaja para desbloquear las chacras (en alguno de los siete centros energ\u00e9ticos del cuerpo) y as\u00ed calmar o aliviar molestias del cuerpo y de la mente.<\/p>\n<p>Durante la terapia, se utilizan cuencos tibetanos y de cuarzo para armonizar de manera natural las fuentes de energ\u00eda bloqueadas gracias a las ondas sonoras de los instrumentos empleados.<\/p>\n<p>En palabras del monje tibetano <span class=\"hiddenSpellError\" onkeypress=\"MORFOLOGIK_RULE_CA_ES---#---0---#---Possible error ortogr\u00e0fic.---#---T'opten#Adopten#Opten#Topen#Bhutan#Tempten#Khotan#Coopten#Troten#Tuiten#Tupen#Tusten---#---Thupten---#---En paraules del monjo tibet\u00e0 Thupten Lobsang Llet, \" el=\"\" so=\"\" del=\"\" bol=\"\" s=\"\" buit=\"\" ---=\"\" ---43=\"\">Thupten<\/span> <span class=\"hiddenSpellError\" onkeypress=\"MORFOLOGIK_RULE_CA_ES---#---0---#---Possible error ortogr\u00e0fic.---#---Lob sang---#---Lobsang---#---En paraules del monjo tibet\u00e0 Thupten Lobsang Llet, \" el=\"\" so=\"\" del=\"\" bol=\"\" s=\"\" buit=\"\" ---=\"\" ---43=\"\">Lobsang<\/span> Leche, \u00abEl sonido del cuenco es el sonido del vac\u00edo\u00bb.<\/p>\n<p>Visita en Carles Galceran, masajista terap\u00e9utico y experto en terapia sonora en una sala insonorizada \u00fanica en Girona.<\/p>\n[\/et_pb_text][\/et_pb_column][\/et_pb_row][\/et_pb_section][et_pb_section fb_built=\u00bb1&#8243; specialty=\u00bbon\u00bb custom_css_main_1=\u00bbz-index: 10;\u00bb admin_label=\u00bbFooter\u00bb _builder_version=\u00bb4.16&#8243; background_image=\u00bbhttps:\/\/masajeterapeuticogirona.com\/wp-content\/uploads\/2022\/09\/massage-17-1.jpg\u00bb background_size=\u00bbcontain\u00bb custom_margin=\u00bb||30px||false|false\u00bb custom_margin_tablet=\u00bb||0px||false|false\u00bb custom_margin_phone=\u00bb\u00bb custom_margin_last_edited=\u00bbon|tablet\u00bb locked=\u00bboff\u00bb global_colors_info=\u00bb{}\u00bb][et_pb_column type=\u00bb1_2&#8243; specialty_columns=\u00bb2&#8243; _builder_version=\u00bb4.16&#8243; custom_padding=\u00bb|||\u00bb global_colors_info=\u00bb{}\u00bb custom_padding__hover=\u00bb|||\u00bb][et_pb_row_inner _builder_version=\u00bb4.16&#8243; global_colors_info=\u00bb{}\u00bb][et_pb_column_inner saved_specialty_column_type=\u00bb1_2&#8243; _builder_version=\u00bb4.16&#8243; global_colors_info=\u00bb{}\u00bb][et_pb_text _builder_version=\u00bb4.22.2&#8243; header_2_font=\u00bbAbel||||||||\u00bb header_2_font_size=\u00bb70px\u00bb header_2_letter_spacing=\u00bb3px\u00bb header_2_line_height=\u00bb1.2em\u00bb max_width=\u00bb800px\u00bb hover_enabled=\u00bb0&#8243; header_2_font_size_tablet=\u00bb38px\u00bb header_2_font_size_phone=\u00bb26px\u00bb header_2_font_size_last_edited=\u00bbon|tablet\u00bb header_2_letter_spacing_tablet=\u00bb1px\u00bb header_2_letter_spacing_phone=\u00bb0px\u00bb header_2_letter_spacing_last_edited=\u00bbon|desktop\u00bb locked=\u00bboff\u00bb global_colors_info=\u00bb{}\u00bb sticky_enabled=\u00bb0&#8243;]\n<h2>Pide cita<\/h2>\n[\/et_pb_text][\/et_pb_column_inner][\/et_pb_row_inner][et_pb_row_inner custom_padding_last_edited=\u00bbon|phone\u00bb _builder_version=\u00bb4.16&#8243; background_color=\u00bb#fffbf5&#8243; transform_scale=\u00bb138%|138%\u00bb transform_scale_tablet=\u00bb100%|100%\u00bb transform_scale_phone=\u00bb\u00bb transform_scale_last_edited=\u00bbon|desktop\u00bb transform_translate_tablet=\u00bb\u00bb transform_translate_phone=\u00bb\u00bb transform_translate_last_edited=\u00bbon|desktop\u00bb transform_rotate_tablet=\u00bb\u00bb transform_rotate_phone=\u00bb\u00bb transform_rotate_last_edited=\u00bbon|desktop\u00bb transform_skew_tablet=\u00bb\u00bb transform_skew_phone=\u00bb\u00bb transform_skew_last_edited=\u00bbon|desktop\u00bb transform_origin=\u00bb30%|0%\u00bb transform_origin_tablet=\u00bb\u00bb transform_origin_phone=\u00bb\u00bb transform_origin_last_edited=\u00bbon|desktop\u00bb transform_styles_last_edited=\u00bbon|desktop\u00bb custom_margin=\u00bb||||false|false\u00bb custom_padding=\u00bb40px|40px|40px|120px|true|false\u00bb custom_padding_tablet=\u00bb|||40px|true|false\u00bb custom_padding_phone=\u00bb|20px||20px|true|true\u00bb transform_styles_tablet=\u00bb\u00bb transform_styles_phone=\u00bb\u00bb box_shadow_style=\u00bbpreset1&#8243; box_shadow_vertical=\u00bb45px\u00bb box_shadow_blur=\u00bb84px\u00bb box_shadow_spread=\u00bb-40px\u00bb global_colors_info=\u00bb{}\u00bb][et_pb_column_inner saved_specialty_column_type=\u00bb1_2&#8243; _builder_version=\u00bb4.16&#8243; global_colors_info=\u00bb{}\u00bb][et_pb_divider color=\u00bb#ffd4a3&#8243; divider_weight=\u00bb2px\u00bb _builder_version=\u00bb4.16&#8243; width=\u00bb100px\u00bb custom_margin=\u00bb||0px|-70px|false|false\u00bb custom_margin_tablet=\u00bb|||0px|false|false\u00bb custom_margin_phone=\u00bb\u00bb custom_margin_last_edited=\u00bbon|desktop\u00bb locked=\u00bboff\u00bb global_colors_info=\u00bb{}\u00bb][\/et_pb_divider][et_pb_text _builder_version=\u00bb4.18.0&#8243; text_font=\u00bbAbel||||||||\u00bb text_line_height=\u00bb1.8em\u00bb max_width=\u00bb800px\u00bb text_font_size_tablet=\u00bb18px\u00bb text_font_size_phone=\u00bb14px\u00bb text_font_size_last_edited=\u00bbon|phone\u00bb text_line_height_tablet=\u00bb\u00bb text_line_height_phone=\u00bb1.6em\u00bb text_line_height_last_edited=\u00bbon|phone\u00bb locked=\u00bboff\u00bb global_colors_info=\u00bb{}\u00bb]\n<p>Programa ya tu cita con Carles Galceran<br \/>(horas convenidas) en el Tel\u00e9fono:<\/p>\n<h2>(+34) 972 21 99 48<\/h2>\n[\/et_pb_text][et_pb_button button_url=\u00bbhttps:\/\/masajeterapeuticogirona.com\/es\/contacto\/\u00bb button_text=\u00bbFormulario de contacto\u00bb _builder_version=\u00bb4.18.0&#8243; custom_button=\u00bbon\u00bb button_text_size=\u00bb11px\u00bb button_text_color=\u00bb#afafaf\u00bb button_bg_color=\u00bbrgba(0,0,0,0)\u00bb button_bg_color_gradient_direction=\u00bb160deg\u00bb button_border_width=\u00bb1px\u00bb button_border_color=\u00bb#8f5f25&#8243; button_border_radius=\u00bb0px\u00bb button_letter_spacing=\u00bb2px\u00bb button_font=\u00bbAbel|700||on|||||\u00bb button_use_icon=\u00bboff\u00bb custom_padding=\u00bb10px|20px|10px|20px|true|true\u00bb custom_padding_tablet=\u00bb14px|24px|14px|24px|true|true\u00bb custom_padding_phone=\u00bb\u00bb custom_padding_last_edited=\u00bbon|desktop\u00bb button_text_size_tablet=\u00bb15px\u00bb button_text_size_phone=\u00bb\u00bb button_text_size_last_edited=\u00bbon|desktop\u00bb box_shadow_vertical_last_edited=\u00bboff|desktop\u00bb locked=\u00bboff\u00bb global_colors_info=\u00bb{}\u00bb box_shadow_color__hover=\u00bb#2585b2&#8243; box_shadow_blur__hover_enabled=\u00bbon\u00bb box_shadow_blur__hover=\u00bb40px\u00bb box_shadow_vertical__hover_enabled=\u00bbon\u00bb box_shadow_vertical__hover=\u00bb20px\u00bb][\/et_pb_button][\/et_pb_column_inner][\/et_pb_row_inner][\/et_pb_column][et_pb_column type=\u00bb1_2&#8243; _builder_version=\u00bb4.16&#8243; custom_padding=\u00bb|||\u00bb global_colors_info=\u00bb{}\u00bb custom_padding__hover=\u00bb|||\u00bb][et_pb_image src=\u00bbhttps:\/\/masajeterapeuticogirona.com\/wp-content\/uploads\/2022\/05\/campos-energeticos.png\u00bb alt=\u00bbcampos energ\u00e9ticos\u00bb title_text=\u00bbArmoniza los campos energ\u00e9ticos con la Terapia Vibracional\u00bb _builder_version=\u00bb4.18.0&#8243; locked=\u00bboff\u00bb global_colors_info=\u00bb{}\u00bb][\/et_pb_image][\/et_pb_column][\/et_pb_section]\n","protected":false},"excerpt":{"rendered":"<p>Terapia ReikiTerapia Reiki con cuencos tibetanos y de cuarzo La terapia Reiki forma parte de la terapia vibracional de Carles Galceran con beneficios demostrados para equilibrar las chacras del cuerpo y alcanzar grandes beneficios f\u00edsicos, mentales y espirituales.Terapia Reiki con cuencos tibetanos y de cuarzoEl Reiki es una t\u00e9cnica de canalizaci\u00f3n y transmisi\u00f3n de energ\u00eda [&hellip;]<\/p>\n","protected":false},"author":1,"featured_media":0,"parent":0,"menu_order":0,"comment_status":"closed","ping_status":"closed","template":"","meta":{"_et_pb_use_builder":"on","_et_pb_old_content":"","_et_gb_content_width":"","footnotes":""},"class_list":["post-1025","page","type-page","status-publish","hentry"],"yoast_head":"<!-- This site is optimized with the Yoast SEO plugin v27.5 - https:\/\/yoast.com\/product\/yoast-seo-wordpress\/ -->\n<title>Terapia Reiki con cuencos tibetanos | Carles Galceran<\/title>\n<meta name=\"description\" content=\"Terapia Reiki con cuencos tibetanos y de cuarzo en una sala insonorizada \u00fanica en Girona. Contacta hoy mismo con Carles Galceran.\" \/>\n<meta name=\"robots\" content=\"index, follow, max-snippet:-1, max-image-preview:large, max-video-preview:-1\" \/>\n<link rel=\"canonical\" href=\"https:\/\/masajeterapeuticogirona.com\/es\/terapia-reiki-con-cuencos-tibetanos\/\" \/>\n<meta property=\"og:locale\" content=\"es_ES\" \/>\n<meta property=\"og:type\" content=\"article\" \/>\n<meta property=\"og:title\" content=\"Terapia Reiki con cuencos tibetanos | Carles Galceran\" \/>\n<meta property=\"og:description\" content=\"Terapia Reiki con cuencos tibetanos y de cuarzo en una sala insonorizada \u00fanica en Girona. Contacta hoy mismo con Carles Galceran.\" \/>\n<meta property=\"og:url\" content=\"https:\/\/masajeterapeuticogirona.com\/es\/terapia-reiki-con-cuencos-tibetanos\/\" \/>\n<meta property=\"og:site_name\" content=\"Carles Galceran\" \/>\n<meta property=\"article:modified_time\" content=\"2023-09-25T17:07:37+00:00\" \/>\n<meta name=\"twitter:card\" content=\"summary_large_image\" \/>\n<meta name=\"twitter:label1\" content=\"Tiempo de lectura\" \/>\n\t<meta name=\"twitter:data1\" content=\"3 minutos\" \/>\n<script type=\"application\/ld+json\" class=\"yoast-schema-graph\">{\"@context\":\"https:\\\/\\\/schema.org\",\"@graph\":[{\"@type\":\"WebPage\",\"@id\":\"https:\\\/\\\/masajeterapeuticogirona.com\\\/es\\\/terapia-reiki-con-cuencos-tibetanos\\\/\",\"url\":\"https:\\\/\\\/masajeterapeuticogirona.com\\\/es\\\/terapia-reiki-con-cuencos-tibetanos\\\/\",\"name\":\"Terapia Reiki con cuencos tibetanos | Carles Galceran\",\"isPartOf\":{\"@id\":\"https:\\\/\\\/masajeterapeuticogirona.com\\\/es\\\/#website\"},\"datePublished\":\"2022-09-20T16:20:05+00:00\",\"dateModified\":\"2023-09-25T17:07:37+00:00\",\"description\":\"Terapia Reiki con cuencos tibetanos y de cuarzo en una sala insonorizada \u00fanica en Girona. Contacta hoy mismo con Carles Galceran.\",\"breadcrumb\":{\"@id\":\"https:\\\/\\\/masajeterapeuticogirona.com\\\/es\\\/terapia-reiki-con-cuencos-tibetanos\\\/#breadcrumb\"},\"inLanguage\":\"es\",\"potentialAction\":[{\"@type\":\"ReadAction\",\"target\":[\"https:\\\/\\\/masajeterapeuticogirona.com\\\/es\\\/terapia-reiki-con-cuencos-tibetanos\\\/\"]}]},{\"@type\":\"BreadcrumbList\",\"@id\":\"https:\\\/\\\/masajeterapeuticogirona.com\\\/es\\\/terapia-reiki-con-cuencos-tibetanos\\\/#breadcrumb\",\"itemListElement\":[{\"@type\":\"ListItem\",\"position\":1,\"name\":\"Home\",\"item\":\"https:\\\/\\\/masajeterapeuticogirona.com\\\/es\\\/\"},{\"@type\":\"ListItem\",\"position\":2,\"name\":\"Terapia Reiki con cuencos tibetanos\"}]},{\"@type\":\"WebSite\",\"@id\":\"https:\\\/\\\/masajeterapeuticogirona.com\\\/es\\\/#website\",\"url\":\"https:\\\/\\\/masajeterapeuticogirona.com\\\/es\\\/\",\"name\":\"Carles Galceran\",\"description\":\"Massatges Terap\u00e8utics a Girona\",\"publisher\":{\"@id\":\"https:\\\/\\\/masajeterapeuticogirona.com\\\/es\\\/#organization\"},\"potentialAction\":[{\"@type\":\"SearchAction\",\"target\":{\"@type\":\"EntryPoint\",\"urlTemplate\":\"https:\\\/\\\/masajeterapeuticogirona.com\\\/es\\\/?s={search_term_string}\"},\"query-input\":{\"@type\":\"PropertyValueSpecification\",\"valueRequired\":true,\"valueName\":\"search_term_string\"}}],\"inLanguage\":\"es\"},{\"@type\":\"Organization\",\"@id\":\"https:\\\/\\\/masajeterapeuticogirona.com\\\/es\\\/#organization\",\"name\":\"Massatges terap\u00e8utics Carles Galceran\",\"url\":\"https:\\\/\\\/masajeterapeuticogirona.com\\\/es\\\/\",\"logo\":{\"@type\":\"ImageObject\",\"inLanguage\":\"es\",\"@id\":\"https:\\\/\\\/masajeterapeuticogirona.com\\\/es\\\/#\\\/schema\\\/logo\\\/image\\\/\",\"url\":\"https:\\\/\\\/masajeterapeuticogirona.com\\\/wp-content\\\/uploads\\\/2019\\\/10\\\/logo-carlesgalceran.jpg\",\"contentUrl\":\"https:\\\/\\\/masajeterapeuticogirona.com\\\/wp-content\\\/uploads\\\/2019\\\/10\\\/logo-carlesgalceran.jpg\",\"width\":563,\"height\":563,\"caption\":\"Massatges terap\u00e8utics Carles Galceran\"},\"image\":{\"@id\":\"https:\\\/\\\/masajeterapeuticogirona.com\\\/es\\\/#\\\/schema\\\/logo\\\/image\\\/\"}}]}<\/script>\n<!-- \/ Yoast SEO plugin. -->","yoast_head_json":{"title":"Terapia Reiki con cuencos tibetanos | Carles Galceran","description":"Terapia Reiki con cuencos tibetanos y de cuarzo en una sala insonorizada \u00fanica en Girona. Contacta hoy mismo con Carles Galceran.","robots":{"index":"index","follow":"follow","max-snippet":"max-snippet:-1","max-image-preview":"max-image-preview:large","max-video-preview":"max-video-preview:-1"},"canonical":"https:\/\/masajeterapeuticogirona.com\/es\/terapia-reiki-con-cuencos-tibetanos\/","og_locale":"es_ES","og_type":"article","og_title":"Terapia Reiki con cuencos tibetanos | Carles Galceran","og_description":"Terapia Reiki con cuencos tibetanos y de cuarzo en una sala insonorizada \u00fanica en Girona. Contacta hoy mismo con Carles Galceran.","og_url":"https:\/\/masajeterapeuticogirona.com\/es\/terapia-reiki-con-cuencos-tibetanos\/","og_site_name":"Carles Galceran","article_modified_time":"2023-09-25T17:07:37+00:00","twitter_card":"summary_large_image","twitter_misc":{"Tiempo de lectura":"3 minutos"},"schema":{"@context":"https:\/\/schema.org","@graph":[{"@type":"WebPage","@id":"https:\/\/masajeterapeuticogirona.com\/es\/terapia-reiki-con-cuencos-tibetanos\/","url":"https:\/\/masajeterapeuticogirona.com\/es\/terapia-reiki-con-cuencos-tibetanos\/","name":"Terapia Reiki con cuencos tibetanos | Carles Galceran","isPartOf":{"@id":"https:\/\/masajeterapeuticogirona.com\/es\/#website"},"datePublished":"2022-09-20T16:20:05+00:00","dateModified":"2023-09-25T17:07:37+00:00","description":"Terapia Reiki con cuencos tibetanos y de cuarzo en una sala insonorizada \u00fanica en Girona. Contacta hoy mismo con Carles Galceran.","breadcrumb":{"@id":"https:\/\/masajeterapeuticogirona.com\/es\/terapia-reiki-con-cuencos-tibetanos\/#breadcrumb"},"inLanguage":"es","potentialAction":[{"@type":"ReadAction","target":["https:\/\/masajeterapeuticogirona.com\/es\/terapia-reiki-con-cuencos-tibetanos\/"]}]},{"@type":"BreadcrumbList","@id":"https:\/\/masajeterapeuticogirona.com\/es\/terapia-reiki-con-cuencos-tibetanos\/#breadcrumb","itemListElement":[{"@type":"ListItem","position":1,"name":"Home","item":"https:\/\/masajeterapeuticogirona.com\/es\/"},{"@type":"ListItem","position":2,"name":"Terapia Reiki con cuencos tibetanos"}]},{"@type":"WebSite","@id":"https:\/\/masajeterapeuticogirona.com\/es\/#website","url":"https:\/\/masajeterapeuticogirona.com\/es\/","name":"Carles Galceran","description":"Massatges Terap\u00e8utics a Girona","publisher":{"@id":"https:\/\/masajeterapeuticogirona.com\/es\/#organization"},"potentialAction":[{"@type":"SearchAction","target":{"@type":"EntryPoint","urlTemplate":"https:\/\/masajeterapeuticogirona.com\/es\/?s={search_term_string}"},"query-input":{"@type":"PropertyValueSpecification","valueRequired":true,"valueName":"search_term_string"}}],"inLanguage":"es"},{"@type":"Organization","@id":"https:\/\/masajeterapeuticogirona.com\/es\/#organization","name":"Massatges terap\u00e8utics Carles Galceran","url":"https:\/\/masajeterapeuticogirona.com\/es\/","logo":{"@type":"ImageObject","inLanguage":"es","@id":"https:\/\/masajeterapeuticogirona.com\/es\/#\/schema\/logo\/image\/","url":"https:\/\/masajeterapeuticogirona.com\/wp-content\/uploads\/2019\/10\/logo-carlesgalceran.jpg","contentUrl":"https:\/\/masajeterapeuticogirona.com\/wp-content\/uploads\/2019\/10\/logo-carlesgalceran.jpg","width":563,"height":563,"caption":"Massatges terap\u00e8utics Carles Galceran"},"image":{"@id":"https:\/\/masajeterapeuticogirona.com\/es\/#\/schema\/logo\/image\/"}}]}},"_links":{"self":[{"href":"https:\/\/masajeterapeuticogirona.com\/es\/wp-json\/wp\/v2\/pages\/1025","targetHints":{"allow":["GET"]}}],"collection":[{"href":"https:\/\/masajeterapeuticogirona.com\/es\/wp-json\/wp\/v2\/pages"}],"about":[{"href":"https:\/\/masajeterapeuticogirona.com\/es\/wp-json\/wp\/v2\/types\/page"}],"author":[{"embeddable":true,"href":"https:\/\/masajeterapeuticogirona.com\/es\/wp-json\/wp\/v2\/users\/1"}],"replies":[{"embeddable":true,"href":"https:\/\/masajeterapeuticogirona.com\/es\/wp-json\/wp\/v2\/comments?post=1025"}],"version-history":[{"count":0,"href":"https:\/\/masajeterapeuticogirona.com\/es\/wp-json\/wp\/v2\/pages\/1025\/revisions"}],"wp:attachment":[{"href":"https:\/\/masajeterapeuticogirona.com\/es\/wp-json\/wp\/v2\/media?parent=1025"}],"curies":[{"name":"wp","href":"https:\/\/api.w.org\/{rel}","templated":true}]}}